{"id":654,"date":"2024-02-28T07:00:02","date_gmt":"2024-02-28T07:00:02","guid":{"rendered":"https:\/\/sedem.org\/?page_id=654"},"modified":"2026-01-26T06:49:58","modified_gmt":"2026-01-26T06:49:58","slug":"tienda-2","status":"publish","type":"page","link":"https:\/\/sedem.org\/index.php\/tienda-2\/","title":{"rendered":"Socios"},"content":{"rendered":"\n<h1 class=\"wp-block-heading has-text-align-center has-x-large-font-size\">SOCIOS<\/h1>\n\n\n\n<p class=\"has-contrast-color has-tertiary-background-color has-text-color has-background has-link-color has-medium-font-size wp-elements-b058607dbeb6b30e1af81f8ac22d5d69\">SEDEM tiene dos categor\u00edas de socios a t\u00edtulo personal. <\/p>\n\n\n\n<p class=\"has-vivid-cyan-blue-color has-tertiary-background-color has-text-color has-background has-link-color has-medium-font-size wp-elements-8dd8688844555d0b9097034acf3c1727\">Los<strong> socios ordinarios<\/strong> son los interesados en asociarse a SEDEM independientemente del lugar de trabajo u ocupaci\u00f3n. Rellena tus datos en el documento a continuaci\u00f3n y, si no deseas domiciliar la cuota, pulsa en <strong>A\u00f1adir al carrito<\/strong> la cuota de socio ordinario.<\/p>\n\n\n\n<div class=\"wp-block-file aligncenter\"><a id=\"wp-block-file--media-d263aeb1-8c09-435f-b9ac-cbc55bc742f2\" href=\"https:\/\/sedem.org\/wp-content\/uploads\/2025\/03\/Alta-de-socio-ordinario.docx\">Alta de socio ordinario<\/a><a href=\"https:\/\/sedem.org\/wp-content\/uploads\/2025\/03\/Alta-de-socio-ordinario.docx\" class=\"wp-block-file__button wp-element-button\" download aria-describedby=\"wp-block-file--media-d263aeb1-8c09-435f-b9ac-cbc55bc742f2\">Descarga<\/a><\/div>\n\n\n\n<p class=\"has-vivid-cyan-blue-color has-tertiary-background-color has-text-color has-background has-link-color has-medium-font-size wp-elements-20deb83e33435b6438b5ce91d190d94e\">Los <strong>socios agregados<\/strong> son los adscritos a Facultades que son Socios Institucionales de SEDEM. El listado de Facultades socias <a href=\"https:\/\/sedem.org\/index.php\/sociosinstit\/\" target=\"_blank\" rel=\"noreferrer noopener nofollow\">se encuentra en este enlace.<\/a> Los socios agregados tienen cuota gratuita el primer a\u00f1o y del 50% el segundo a\u00f1o. A partir del tercer a\u00f1o, abonan la cuota completa. Rellena tus datos en el documento a continuaci\u00f3n y, si no deseas domiciliar la cuota, pulsa en <strong>A\u00f1adir al carrito<\/strong>, la cuota que desees pagar.<\/p>\n\n\n\n<div class=\"wp-block-file aligncenter\"><a id=\"wp-block-file--media-d67a2475-45a9-44c7-8ded-f005132f0c23\" href=\"https:\/\/sedem.org\/wp-content\/uploads\/2024\/06\/Alta-de-socio-agregado.docx\">Alta de socio agregado<\/a><a href=\"https:\/\/sedem.org\/wp-content\/uploads\/2024\/06\/Alta-de-socio-agregado.docx\" class=\"wp-block-file__button wp-element-button\" download aria-describedby=\"wp-block-file--media-d67a2475-45a9-44c7-8ded-f005132f0c23\">Descarga<\/a><\/div>\n\n\n\n<div class=\"wp-block-group has-global-padding\"><div class=\"wp-block-group__inner-container is-layout-constrained wp-block-group-is-layout-constrained\"><div data-block-name=\"woocommerce\/handpicked-products\" data-products=\"[646,648,292]\" class=\"wc-block-grid wp-block-handpicked-products wp-block-woocommerce-handpicked-products wc-block-handpicked-products has-3-columns has-multiple-rows\"><ul class=\"wc-block-grid__products\"><li class=\"wc-block-grid__product\">\n\t\t\t\t<a href=\"https:\/\/sedem.org\/index.php\/producto\/cuota-anual-de-socio\/\" class=\"wc-block-grid__product-link\">\n\t\t\t\t\t\n\t\t\t\t\t<div class=\"wc-block-grid__product-image\"><img loading=\"lazy\" decoding=\"async\" width=\"200\" height=\"200\" src=\"https:\/\/sedem.org\/wp-content\/uploads\/2024\/02\/Captura-desde-2025-04-16-11-36-54-200x200.png\" class=\"attachment-woocommerce_thumbnail size-woocommerce_thumbnail\" alt=\"Cuota de Socio Ordinario\" srcset=\"https:\/\/sedem.org\/wp-content\/uploads\/2024\/02\/Captura-desde-2025-04-16-11-36-54-200x200.png 200w, https:\/\/sedem.org\/wp-content\/uploads\/2024\/02\/Captura-desde-2025-04-16-11-36-54-150x150.png 150w, https:\/\/sedem.org\/wp-content\/uploads\/2024\/02\/Captura-desde-2025-04-16-11-36-54-100x100.png 100w\" sizes=\"auto, (max-width: 200px) 100vw, 200px\" \/><\/div>\n\t\t\t\t\t<div class=\"wc-block-grid__product-title\">Cuota de Socio Ordinario<\/div>\n\t\t\t\t<\/a>\n\t\t\t\t<div class=\"wc-block-grid__product-price price\"><span class=\"woocommerce-Price-amount amount\"><span class=\"woocommerce-Price-currencySymbol\">&euro;<\/span>50,00<\/span><\/div>\n\t\t\t\t\n\t\t\t\t<div class=\"wp-block-button wc-block-grid__product-add-to-cart\"><a href=\"\/index.php\/wp-json\/wp\/v2\/pages\/654?add-to-cart=292\" aria-label=\"A\u00f1adir al carrito: &ldquo;Cuota de Socio Ordinario&rdquo;\" data-quantity=\"1\" data-product_id=\"292\" data-product_sku=\"\" data-price=\"50\" rel=\"nofollow\" class=\"wp-block-button__link wp-element-button add_to_cart_button ajax_add_to_cart\">A\u00f1adir al carrito<\/a><\/div>\n\t\t\t<\/li><li class=\"wc-block-grid__product\">\n\t\t\t\t<a href=\"https:\/\/sedem.org\/index.php\/producto\/cuota-de-socio-agregado-2\/\" class=\"wc-block-grid__product-link\">\n\t\t\t\t\t\n\t\t\t\t\t<div class=\"wc-block-grid__product-image\"><img loading=\"lazy\" decoding=\"async\" width=\"200\" height=\"200\" src=\"https:\/\/sedem.org\/wp-content\/uploads\/2024\/02\/Captura-desde-2025-04-16-11-36-26-450x450.png\" class=\"attachment-woocommerce_thumbnail size-woocommerce_thumbnail\" alt=\"Cuota de Socio Agregado de 2\u00ba a\u00f1o\" srcset=\"https:\/\/sedem.org\/wp-content\/uploads\/2024\/02\/Captura-desde-2025-04-16-11-36-26-450x450.png 450w, https:\/\/sedem.org\/wp-content\/uploads\/2024\/02\/Captura-desde-2025-04-16-11-36-26-150x150.png 150w, https:\/\/sedem.org\/wp-content\/uploads\/2024\/02\/Captura-desde-2025-04-16-11-36-26-100x100.png 100w\" sizes=\"auto, (max-width: 200px) 100vw, 200px\" \/><\/div>\n\t\t\t\t\t<div class=\"wc-block-grid__product-title\">Cuota de Socio Agregado de 2\u00ba a\u00f1o<\/div>\n\t\t\t\t<\/a>\n\t\t\t\t<div class=\"wc-block-grid__product-price price\"><span class=\"woocommerce-Price-amount amount\"><span class=\"woocommerce-Price-currencySymbol\">&euro;<\/span>25,00<\/span><\/div>\n\t\t\t\t\n\t\t\t\t<div class=\"wp-block-button wc-block-grid__product-add-to-cart\"><a href=\"\/index.php\/wp-json\/wp\/v2\/pages\/654?add-to-cart=648\" aria-label=\"A\u00f1adir al carrito: &ldquo;Cuota de Socio Agregado de 2\u00ba a\u00f1o&rdquo;\" data-quantity=\"1\" data-product_id=\"648\" data-product_sku=\"\" data-price=\"25\" rel=\"nofollow\" class=\"wp-block-button__link wp-element-button add_to_cart_button ajax_add_to_cart\">A\u00f1adir al carrito<\/a><\/div>\n\t\t\t<\/li><li class=\"wc-block-grid__product\">\n\t\t\t\t<a href=\"https:\/\/sedem.org\/index.php\/producto\/cuota-de-socio-agregado\/\" class=\"wc-block-grid__product-link\">\n\t\t\t\t\t\n\t\t\t\t\t<div class=\"wc-block-grid__product-image\"><img loading=\"lazy\" decoding=\"async\" width=\"200\" height=\"200\" src=\"https:\/\/sedem.org\/wp-content\/uploads\/2024\/02\/Captura-desde-2025-04-16-11-36-08-450x450.png\" class=\"attachment-woocommerce_thumbnail size-woocommerce_thumbnail\" alt=\"Cuota de Socio Agregado de 1\u00ba a\u00f1o\" srcset=\"https:\/\/sedem.org\/wp-content\/uploads\/2024\/02\/Captura-desde-2025-04-16-11-36-08-450x450.png 450w, https:\/\/sedem.org\/wp-content\/uploads\/2024\/02\/Captura-desde-2025-04-16-11-36-08-150x150.png 150w, https:\/\/sedem.org\/wp-content\/uploads\/2024\/02\/Captura-desde-2025-04-16-11-36-08-100x100.png 100w\" sizes=\"auto, (max-width: 200px) 100vw, 200px\" \/><\/div>\n\t\t\t\t\t<div class=\"wc-block-grid__product-title\">Cuota de Socio Agregado de 1\u00ba a\u00f1o<\/div>\n\t\t\t\t<\/a>\n\t\t\t\t<div class=\"wc-block-grid__product-price price\"><span class=\"woocommerce-Price-amount amount\"><span class=\"woocommerce-Price-currencySymbol\">&euro;<\/span>0,00<\/span><\/div>\n\t\t\t\t\n\t\t\t\t<div class=\"wp-block-button wc-block-grid__product-add-to-cart\"><a href=\"\/index.php\/wp-json\/wp\/v2\/pages\/654?add-to-cart=646\" aria-label=\"A\u00f1adir al carrito: &ldquo;Cuota de Socio Agregado de 1\u00ba a\u00f1o&rdquo;\" data-quantity=\"1\" data-product_id=\"646\" data-product_sku=\"\" data-price=\"0\" rel=\"nofollow\" class=\"wp-block-button__link wp-element-button add_to_cart_button ajax_add_to_cart\">A\u00f1adir al carrito<\/a><\/div>\n\t\t\t<\/li><\/ul><\/div><\/div><\/div>\n\n\n\n<div class=\"wp-block-group has-global-padding\"><div class=\"wp-block-group__inner-container is-layout-constrained wp-block-group-is-layout-constrained\"><div data-block-name=\"woocommerce\/handpicked-products\" data-products=\"[2246]\" class=\"wc-block-grid wp-block-handpicked-products wp-block-woocommerce-handpicked-products wc-block-handpicked-products has-3-columns has-multiple-rows\"><ul class=\"wc-block-grid__products\"><li class=\"wc-block-grid__product\">\n\t\t\t\t<a href=\"https:\/\/sedem.org\/index.php\/producto\/cuota-de-socio-institucional\/\" class=\"wc-block-grid__product-link\">\n\t\t\t\t\t\n\t\t\t\t\t<div class=\"wc-block-grid__product-image\"><img loading=\"lazy\" decoding=\"async\" width=\"200\" height=\"200\" src=\"https:\/\/sedem.org\/wp-content\/uploads\/2026\/01\/Captura-desde-2026-01-26-07-57-02-200x200.png\" class=\"attachment-woocommerce_thumbnail size-woocommerce_thumbnail\" alt=\"Cuota de socio institucional\" srcset=\"https:\/\/sedem.org\/wp-content\/uploads\/2026\/01\/Captura-desde-2026-01-26-07-57-02-200x200.png 200w, https:\/\/sedem.org\/wp-content\/uploads\/2026\/01\/Captura-desde-2026-01-26-07-57-02-150x150.png 150w, https:\/\/sedem.org\/wp-content\/uploads\/2026\/01\/Captura-desde-2026-01-26-07-57-02-100x100.png 100w\" sizes=\"auto, (max-width: 200px) 100vw, 200px\" \/><\/div>\n\t\t\t\t\t<div class=\"wc-block-grid__product-title\">Cuota de socio institucional<\/div>\n\t\t\t\t<\/a>\n\t\t\t\t<div class=\"wc-block-grid__product-price price\"><span class=\"woocommerce-Price-amount amount\"><span class=\"woocommerce-Price-currencySymbol\">&euro;<\/span>200,00<\/span><\/div>\n\t\t\t\t\n\t\t\t\t<div class=\"wp-block-button wc-block-grid__product-add-to-cart\"><a href=\"\/index.php\/wp-json\/wp\/v2\/pages\/654?add-to-cart=2246\" aria-label=\"A\u00f1adir al carrito: &ldquo;Cuota de socio institucional&rdquo;\" data-quantity=\"1\" data-product_id=\"2246\" data-product_sku=\"\" data-price=\"200\" rel=\"nofollow\" class=\"wp-block-button__link wp-element-button add_to_cart_button ajax_add_to_cart\">A\u00f1adir al carrito<\/a><\/div>\n\t\t\t<\/li><\/ul><\/div><\/div><\/div>\n\n\n\n<p><\/p>\n","protected":false},"excerpt":{"rendered":"<p>SOCIOS SEDEM tiene dos categor\u00edas de socios a t\u00edtulo personal. Los socios ordinarios son los interesados en asociarse a SEDEM independientemente del lugar de trabajo u ocupaci\u00f3n. Rellena tus datos en el documento a continuaci\u00f3n y, si no deseas domiciliar la cuota, pulsa en A\u00f1adir al carrito la cuota de socio ordinario. Los socios agregados [&hellip;]<\/p>\n","protected":false},"author":1,"featured_media":0,"parent":0,"menu_order":0,"comment_status":"closed","ping_status":"closed","template":"","meta":{"_acf_changed":false,"footnotes":""},"class_list":["post-654","page","type-page","status-publish","hentry"],"acf":[],"_links":{"self":[{"href":"https:\/\/sedem.org\/index.php\/wp-json\/wp\/v2\/pages\/654","targetHints":{"allow":["GET"]}}],"collection":[{"href":"https:\/\/sedem.org\/index.php\/wp-json\/wp\/v2\/pages"}],"about":[{"href":"https:\/\/sedem.org\/index.php\/wp-json\/wp\/v2\/types\/page"}],"author":[{"embeddable":true,"href":"https:\/\/sedem.org\/index.php\/wp-json\/wp\/v2\/users\/1"}],"replies":[{"embeddable":true,"href":"https:\/\/sedem.org\/index.php\/wp-json\/wp\/v2\/comments?post=654"}],"version-history":[{"count":21,"href":"https:\/\/sedem.org\/index.php\/wp-json\/wp\/v2\/pages\/654\/revisions"}],"predecessor-version":[{"id":2249,"href":"https:\/\/sedem.org\/index.php\/wp-json\/wp\/v2\/pages\/654\/revisions\/2249"}],"wp:attachment":[{"href":"https:\/\/sedem.org\/index.php\/wp-json\/wp\/v2\/media?parent=654"}],"curies":[{"name":"wp","href":"https:\/\/api.w.org\/{rel}","templated":true}]}}