{"id":221,"date":"2023-04-15T11:03:24","date_gmt":"2023-04-15T11:03:24","guid":{"rendered":"https:\/\/sedem.org\/?page_id=221"},"modified":"2026-02-12T07:38:48","modified_gmt":"2026-02-12T07:38:48","slug":"paginaswebs","status":"publish","type":"page","link":"https:\/\/sedem.org\/index.php\/paginaswebs\/","title":{"rendered":"P\u00e1ginas Webs"},"content":{"rendered":"<section id=\"section-2-131\" class=\" ct-section\" ><div class=\"ct-section-inner-wrap\"><h2 id=\"headline-3-131\" class=\"ct-headline\">P\u00c1GINAS WEB<\/h2>        \n                <div id=\"_posts_grid-6-131\" class='oxy-easy-posts oxy-posts-grid' >\n                                    <div class='oxy-posts'>\n                     <div class='oxy-post'>\n  \n    \t  <img src='https:\/\/sedem.org\/wp-content\/uploads\/2024\/03\/logo-amee.png' class='oxy-post-image' \/>\n\t    \n\t<div class='oxy-post-title'>Association for Medical Education in Europe<\/div>\n\n\t<div class='oxy-post-meta'>\n\n\n\t<\/div>\n\n\t<a href='https:\/\/amee.org\/' class='oxy-read-more'>Visualizar<\/a>\n\t\n\n\n<\/div> <div class='oxy-post'>\n  \n    \t  <img src='https:\/\/sedem.org\/wp-content\/uploads\/2024\/03\/Captura-de-pantalla-de-2024-03-28-12-01-20.png' class='oxy-post-image' \/>\n\t    \n\t<div class='oxy-post-title'>C\u00e1tedra de Educaci\u00f3n M\u00e9dica Fundaci\u00f3n Lilly-UCM<\/div>\n\n\t<div class='oxy-post-meta'>\n\n\n\t<\/div>\n\n\t<a href='https:\/\/www.fundacionlilly.com\/impulso-medicina\/educacion-medica' class='oxy-read-more'>Visualizar<\/a>\n\t\n\n\n<\/div> <div class='oxy-post'>\n  \n    \t  <img src='https:\/\/sedem.org\/wp-content\/uploads\/2023\/05\/logo-ceuem.png' class='oxy-post-image' \/>\n\t    \n\t<div class='oxy-post-title'>Centro de Estudios en Educaci\u00f3n M\u00e9dica<\/div>\n\n\t<div class='oxy-post-meta'>\n\n\n\t<\/div>\n\n\t<a href='https:\/\/www.um.es\/web\/ceuem\/inicio' class='oxy-read-more'>Visualizar<\/a>\n\t\n\n\n<\/div> <div class='oxy-post'>\n  \n    \t  <img src='https:\/\/sedem.org\/wp-content\/uploads\/2023\/04\/logo-def.png' class='oxy-post-image' \/>\n\t    \n\t<div class='oxy-post-title'>Conferencia Nacional de Decanos de Medicina de Espa\u00f1a<\/div>\n\n\t<div class='oxy-post-meta'>\n\n\n\t<\/div>\n\n\t<a href='https:\/\/www.cndmedicina.com\/' class='oxy-read-more'>Visualizar<\/a>\n\t\n\n\n<\/div> <div class='oxy-post'>\n  \n    \t  <img src='https:\/\/sedem.org\/wp-content\/uploads\/2023\/04\/5.Consejo-General-de-Colegios-Oficiales-de-Medicos-Organizacion-Medica-Colegial-e1681557478105.png' class='oxy-post-image' \/>\n\t    \n\t<div class='oxy-post-title'>Consejo General de Colegios de M\u00e9dicos de Espa\u00f1a<\/div>\n\n\t<div class='oxy-post-meta'>\n\n\n\t<\/div>\n\n\t<a href='https:\/\/www.cgcom.es\/' class='oxy-read-more'>Visualizar<\/a>\n\t\n\n\n<\/div> <div class='oxy-post'>\n  \n    \t  <img src='https:\/\/sedem.org\/wp-content\/uploads\/2023\/04\/doctutor_logo_new-1.jpg' class='oxy-post-image' \/>\n\t    \n\t<div class='oxy-post-title'>Doctutor<\/div>\n\n\t<div class='oxy-post-meta'>\n\n\n\t<\/div>\n\n\t<a href='http:\/\/www.doctutor.es\/' class='oxy-read-more'>Visualizar<\/a>\n\t\n\n\n<\/div> <div class='oxy-post'>\n  \n    \t  <img src='https:\/\/sedem.org\/wp-content\/uploads\/2026\/03\/Captura-desde-2026-03-24-07-49-36.png' class='oxy-post-image' \/>\n\t    \n\t<div class='oxy-post-title'>EduMed\u00a0en la Facultad de Medicina de la Universidad de Valladolid.<\/div>\n\n\t<div class='oxy-post-meta'>\n\n\n\t<\/div>\n\n\t<a href='https:\/\/tutorcyllo.wixsite.com\/educacionmedicauva\/blog' class='oxy-read-more'>Visualizar<\/a>\n\t\n\n\n<\/div> <div class='oxy-post'>\n  \n    \t  <img src='https:\/\/sedem.org\/wp-content\/uploads\/2025\/09\/Captura-desde-2025-09-15-07-46-27.png' class='oxy-post-image' \/>\n\t    \n\t<div class='oxy-post-title'>MedicineAI<\/div>\n\n\t<div class='oxy-post-meta'>\n\n\n\t<\/div>\n\n\t<a href='https:\/\/www.medicineai.es\/' class='oxy-read-more'>Visualizar<\/a>\n\t\n\n\n<\/div>                <\/div>\n                                <div class='oxy-easy-posts-pages'>\n                                    <\/div>\n                                            <\/div>\n                <\/div><\/section>","protected":false},"excerpt":{"rendered":"","protected":false},"author":1,"featured_media":0,"parent":0,"menu_order":0,"comment_status":"closed","ping_status":"closed","template":"","meta":{"_acf_changed":false,"footnotes":""},"class_list":["post-221","page","type-page","status-publish","hentry"],"acf":[],"_links":{"self":[{"href":"https:\/\/sedem.org\/index.php\/wp-json\/wp\/v2\/pages\/221","targetHints":{"allow":["GET"]}}],"collection":[{"href":"https:\/\/sedem.org\/index.php\/wp-json\/wp\/v2\/pages"}],"about":[{"href":"https:\/\/sedem.org\/index.php\/wp-json\/wp\/v2\/types\/page"}],"author":[{"embeddable":true,"href":"https:\/\/sedem.org\/index.php\/wp-json\/wp\/v2\/users\/1"}],"replies":[{"embeddable":true,"href":"https:\/\/sedem.org\/index.php\/wp-json\/wp\/v2\/comments?post=221"}],"version-history":[{"count":3,"href":"https:\/\/sedem.org\/index.php\/wp-json\/wp\/v2\/pages\/221\/revisions"}],"predecessor-version":[{"id":2282,"href":"https:\/\/sedem.org\/index.php\/wp-json\/wp\/v2\/pages\/221\/revisions\/2282"}],"wp:attachment":[{"href":"https:\/\/sedem.org\/index.php\/wp-json\/wp\/v2\/media?parent=221"}],"curies":[{"name":"wp","href":"https:\/\/api.w.org\/{rel}","templated":true}]}}