{"id":1978,"date":"2025-06-27T07:59:58","date_gmt":"2025-06-27T07:59:58","guid":{"rendered":"https:\/\/sedem.org\/?page_id=1978"},"modified":"2025-08-12T09:04:23","modified_gmt":"2025-08-12T09:04:23","slug":"tienda-3","status":"publish","type":"page","link":"https:\/\/sedem.org\/index.php\/tienda-3\/","title":{"rendered":"Inscripcion jornada oto\u00f1o"},"content":{"rendered":"\n<p class=\"has-text-align-center has-vivid-cyan-blue-color has-tertiary-background-color has-text-color has-background has-link-color has-x-large-font-size wp-elements-2216f243473ea28e3d87d8848997b440\" style=\"margin-top:0;margin-bottom:0;padding-top:0;padding-right:0;padding-bottom:0;padding-left:0\">Inscripci\u00f3n a la Jornada de Oto\u00f1o de SEDEM<\/p>\n\n\n\n<div class=\"wp-block-group has-global-padding\"><div class=\"wp-block-group__inner-container is-layout-constrained wp-block-group-is-layout-constrained\"><div data-block-name=\"woocommerce\/handpicked-products\" data-columns=\"1\" data-content-visibility=\"{&quot;image&quot;:true,&quot;title&quot;:true,&quot;price&quot;:true,&quot;rating&quot;:false,&quot;button&quot;:true}\" data-products=\"[1971]\" class=\"wc-block-grid wp-block-handpicked-products wp-block-woocommerce-handpicked-products wc-block-handpicked-products has-1-columns has-multiple-rows\"><ul class=\"wc-block-grid__products\"><li class=\"wc-block-grid__product\">\n\t\t\t\t<a href=\"https:\/\/sedem.org\/index.php\/producto\/inscripcion-jornada-de-otono\/\" class=\"wc-block-grid__product-link\">\n\t\t\t\t\t\n\t\t\t\t\t<div class=\"wc-block-grid__product-image\"><img loading=\"lazy\" decoding=\"async\" width=\"200\" height=\"200\" src=\"https:\/\/sedem.org\/wp-content\/uploads\/2025\/06\/Captura-desde-2025-06-26-09-42-32-200x200.png\" class=\"attachment-woocommerce_thumbnail size-woocommerce_thumbnail\" alt=\"La Pagoda, UAM\" srcset=\"https:\/\/sedem.org\/wp-content\/uploads\/2025\/06\/Captura-desde-2025-06-26-09-42-32-200x200.png 200w, https:\/\/sedem.org\/wp-content\/uploads\/2025\/06\/Captura-desde-2025-06-26-09-42-32-150x150.png 150w, https:\/\/sedem.org\/wp-content\/uploads\/2025\/06\/Captura-desde-2025-06-26-09-42-32-100x100.png 100w\" sizes=\"auto, (max-width: 200px) 100vw, 200px\" \/><\/div>\n\t\t\t\t\t<div class=\"wc-block-grid__product-title\">Inscripci\u00f3n Jornada de Oto\u00f1o<\/div>\n\t\t\t\t<\/a>\n\t\t\t\t<div class=\"wc-block-grid__product-price price\"><span class=\"woocommerce-Price-amount amount\"><span class=\"woocommerce-Price-currencySymbol\">&euro;<\/span>25,00<\/span><\/div>\n\t\t\t\t\n\t\t\t\t<div class=\"wp-block-button wc-block-grid__product-add-to-cart\"><a href=\"\/index.php\/wp-json\/wp\/v2\/pages\/1978?add-to-cart=1971\" aria-label=\"A\u00f1adir al carrito: &ldquo;Inscripci\u00f3n Jornada de Oto\u00f1o&rdquo;\" data-quantity=\"1\" data-product_id=\"1971\" data-product_sku=\"\" data-price=\"25\" rel=\"nofollow\" class=\"wp-block-button__link wp-element-button add_to_cart_button ajax_add_to_cart\">A\u00f1adir al carrito<\/a><\/div>\n\t\t\t<\/li><\/ul><\/div><\/div><\/div>\n","protected":false},"excerpt":{"rendered":"<p>Inscripci\u00f3n a la Jornada de Oto\u00f1o de SEDEM<\/p>\n","protected":false},"author":1,"featured_media":1965,"parent":0,"menu_order":0,"comment_status":"closed","ping_status":"closed","template":"","meta":{"_acf_changed":false,"footnotes":""},"class_list":["post-1978","page","type-page","status-publish","has-post-thumbnail","hentry"],"acf":[],"_links":{"self":[{"href":"https:\/\/sedem.org\/index.php\/wp-json\/wp\/v2\/pages\/1978","targetHints":{"allow":["GET"]}}],"collection":[{"href":"https:\/\/sedem.org\/index.php\/wp-json\/wp\/v2\/pages"}],"about":[{"href":"https:\/\/sedem.org\/index.php\/wp-json\/wp\/v2\/types\/page"}],"author":[{"embeddable":true,"href":"https:\/\/sedem.org\/index.php\/wp-json\/wp\/v2\/users\/1"}],"replies":[{"embeddable":true,"href":"https:\/\/sedem.org\/index.php\/wp-json\/wp\/v2\/comments?post=1978"}],"version-history":[{"count":4,"href":"https:\/\/sedem.org\/index.php\/wp-json\/wp\/v2\/pages\/1978\/revisions"}],"predecessor-version":[{"id":2035,"href":"https:\/\/sedem.org\/index.php\/wp-json\/wp\/v2\/pages\/1978\/revisions\/2035"}],"wp:featuredmedia":[{"embeddable":true,"href":"https:\/\/sedem.org\/index.php\/wp-json\/wp\/v2\/media\/1965"}],"wp:attachment":[{"href":"https:\/\/sedem.org\/index.php\/wp-json\/wp\/v2\/media?parent=1978"}],"curies":[{"name":"wp","href":"https:\/\/api.w.org\/{rel}","templated":true}]}}